{"id":60224,"date":"2023-02-22T15:19:23","date_gmt":"2023-02-22T14:19:23","guid":{"rendered":"https:\/\/www.remorides.com\/?page_id=60224"},"modified":"2023-06-21T17:08:59","modified_gmt":"2023-06-21T15:08:59","slug":"les-partenaires","status":"publish","type":"page","link":"https:\/\/www.remorides.com\/fr\/les-partenaires\/","title":{"rendered":"Les partenaires"},"content":{"rendered":"<section class=\"wpb-content-wrapper\"><p>[vc_row bg_type=\u00a0\u00bbimage\u00a0\u00bb parallax_style=\u00a0\u00bbvcpb-default\u00a0\u00bb bg_image_new=\u00a0\u00bbid^57577|url^https:\/\/www.remorides.com\/wp-content\/uploads\/2022\/10\/Rectangle-227-1.jpg|caption^null|alt^null|title^Rectangle 227 (1)|description^null\u00a0\u00bb bg_image_repeat=\u00a0\u00bbno-repeat\u00a0\u00bb bg_override=\u00a0\u00bbfull\u00a0\u00bb margin_top=\u00a0\u00bb-50&Prime; type=\u00a0\u00bbvc_default\u00a0\u00bb css=\u00a0\u00bb.vc_custom_1666881370805{padding-top: 12% !important;padding-bottom: 12% !important;background-color: #000000 !important;}\u00a0\u00bb][vc_column offset=\u00a0\u00bbvc_col-lg-offset-0 vc_col-lg-12 vc_col-md-offset-0 vc_col-md-12 vc_col-sm-offset-0 vc_col-xs-12&Prime; css=\u00a0\u00bb.vc_custom_1476043981108{margin-top: 10px !important;margin-bottom: 10px !important;}\u00a0\u00bb]<div id=\"ultimate-heading-353269f08e8988482\" class=\"uvc-heading ult-adjust-bottom-margin ultimate-heading-353269f08e8988482 uvc-4281 accent-border-color\" data-hspacer=\"line_only\"  data-halign=\"center\" style=\"text-align:center\"><div class=\"uvc-main-heading ult-responsive\"  data-ultimate-target='.uvc-heading.ultimate-heading-353269f08e8988482 h1'  data-responsive-json-new='{\"font-size\":\"desktop:50px;mobile_landscape:38px;mobile:30px;\",\"line-height\":\"desktop:60px;mobile_landscape:48px;mobile:40px;\"}' ><h1 style=\"font-weight:bold;color:#ffffff;margin-bottom:15px;\">Les partenaires<\/h1><\/div><div class=\"uvc-heading-spacer line_only\" style=\"topheight:3px;\"><span class=\"uvc-headings-line\" style=\"border-style:solid;border-bottom-width:3px;border-color:#ccc;width:150px;\"><\/span><\/div><\/div>[\/vc_column][\/vc_row][vc_row css=\u00a0\u00bb.vc_custom_1677075739588{padding-top: 70px !important;}\u00a0\u00bb][vc_column width=\u00a0\u00bb1\/2&Prime;][vc_column_text]La recherche constante de nouvelles synergies et collaborations pour accro\u00eetre les opportunit\u00e9s commerciales et r\u00e9aliser des solutions plus cibl\u00e9es et gagnantes fait partie de l&rsquo;ADN de Remorides.<br \/>\nL&rsquo;aspect le plus important pour nous est de veiller \u00e0 ce que les collaborations soient des relations gagnant-gagnant capables de g\u00e9n\u00e9rer une valeur ajout\u00e9e pour tous les acteurs pr\u00e9sents sur le terrain.<br \/>\nLes niveaux d&rsquo;implication sont diff\u00e9rents en fonction du positionnement et du niveau technico-commercial du partenaire : ils vont de la recommandation occasionnelle, au d\u00e9veloppement de solutions communes, \u00e0 la r\u00e9alisation autonome de projets jusqu&rsquo;\u00e0 la distribution.<br \/>\n[\/vc_column_text][\/vc_column][vc_column width=\u00a0\u00bb1\/2&Prime;][vc_single_image image=\u00a0\u00bb59304&Prime; img_size=\u00a0\u00bbfull\u00a0\u00bb][\/vc_column][\/vc_row][vc_row css=\u00a0\u00bb.vc_custom_1677076339063{padding-top: 70px !important;padding-bottom: 70px !important;}\u00a0\u00bb][vc_column width=\u00a0\u00bb1\/6&Prime;][\/vc_column][vc_column width=\u00a0\u00bb2\/3&Prime;]<div id=\"ultimate-heading-883369f08e89884ed\" class=\"uvc-heading ult-adjust-bottom-margin ultimate-heading-883369f08e89884ed uvc-2482 accent-border-color uvc-heading-default-font-sizes\" data-hspacer=\"line_only\"  data-halign=\"center\" style=\"text-align:center\"><div class=\"uvc-main-heading ult-responsive\"  data-ultimate-target='.uvc-heading.ultimate-heading-883369f08e89884ed h3'  data-responsive-json-new='{\"font-size\":\"\",\"line-height\":\"\"}' ><h3 style=\"font-weight:bold;margin-bottom:5px;\">Demander une collaboration<\/h3><\/div><div class=\"uvc-heading-spacer line_only\" style=\"margin-bottom:40px;height:3px;\"><span class=\"uvc-headings-line\" style=\"border-style:solid;border-bottom-width:3px;border-color:#ccc;width:70px;\"><\/span><\/div><\/div>[vc_column_text css=\u00a0\u00bb.vc_custom_1677077142138{padding-bottom: 30px !important;}\u00a0\u00bb]<\/p>\n<p style=\"text-align: center;\">Contactez nous ! Nous serons ravis de faire votre connaissance et de discuter avec vous pour comprendre comment s&rsquo;engager sur un chemin commun.<\/p>\n<p>[\/vc_column_text]\n<div class=\"wpcf7 no-js\" id=\"wpcf7-f60245-o1\" lang=\"it-IT\" dir=\"ltr\" data-wpcf7-id=\"60245\">\n<div class=\"screen-reader-response\"><p role=\"status\" aria-live=\"polite\" aria-atomic=\"true\"><\/p> <ul><\/ul><\/div>\n<form action=\"\/fr\/wp-json\/wp\/v2\/pages\/60224#wpcf7-f60245-o1\" method=\"post\" class=\"wpcf7-form init wpcf7-acceptance-as-validation\" aria-label=\"Modulo di contatto\" novalidate=\"novalidate\" data-status=\"init\">\n<fieldset class=\"hidden-fields-container\"><input type=\"hidden\" name=\"_wpcf7\" value=\"60245\" \/><input type=\"hidden\" name=\"_wpcf7_version\" value=\"6.1.5\" \/><input type=\"hidden\" name=\"_wpcf7_locale\" value=\"it_IT\" \/><input type=\"hidden\" name=\"_wpcf7_unit_tag\" value=\"wpcf7-f60245-o1\" \/><input type=\"hidden\" name=\"_wpcf7_container_post\" value=\"0\" \/><input type=\"hidden\" name=\"_wpcf7_posted_data_hash\" value=\"\" \/><input type=\"hidden\" name=\"_wpcf7_recaptcha_response\" value=\"\" \/>\n<\/fieldset>\n<p><label><span class=\"wpcf7-form-control-wrap\" data-name=\"your-name\"><input size=\"40\" maxlength=\"400\" class=\"wpcf7-form-control wpcf7-text wpcf7-validates-as-required\" aria-required=\"true\" aria-invalid=\"false\" placeholder=\"Nom et surnom*\" value=\"\" type=\"text\" name=\"your-name\" \/><\/span><\/label>\n<\/p>\n<p><label><span class=\"wpcf7-form-control-wrap\" data-name=\"your-email\"><input size=\"40\" maxlength=\"400\" class=\"wpcf7-form-control wpcf7-email wpcf7-validates-as-required wpcf7-text wpcf7-validates-as-email\" aria-required=\"true\" aria-invalid=\"false\" placeholder=\"E-mail*\" value=\"\" type=\"email\" name=\"your-email\" \/><\/span> <\/label>\n<\/p>\n<p><label><span class=\"wpcf7-form-control-wrap\" data-name=\"tel-609\"><input size=\"40\" maxlength=\"400\" class=\"wpcf7-form-control wpcf7-tel wpcf7-validates-as-required wpcf7-text wpcf7-validates-as-tel\" aria-required=\"true\" aria-invalid=\"false\" placeholder=\"T\u00e9l\u00e9phone*\" value=\"\" type=\"tel\" name=\"tel-609\" \/><\/span><\/label>\n<\/p>\n<p><label><span class=\"wpcf7-form-control-wrap\" data-name=\"azienda\"><input size=\"40\" maxlength=\"400\" class=\"wpcf7-form-control wpcf7-text wpcf7-validates-as-required\" aria-required=\"true\" aria-invalid=\"false\" placeholder=\"Entreprise*\" value=\"\" type=\"text\" name=\"azienda\" \/><\/span><\/label>\n<\/p>\n<p><label><span class=\"wpcf7-form-control-wrap\" data-name=\"indirizzo\"><input size=\"40\" maxlength=\"400\" class=\"wpcf7-form-control wpcf7-text\" aria-invalid=\"false\" value=\"Adresse compl\u00e8te\" type=\"text\" name=\"indirizzo\" \/><\/span><\/label>\n<\/p>\n<p><label><span class=\"wpcf7-form-control-wrap\" data-name=\"messaggio\"><textarea cols=\"40\" rows=\"10\" maxlength=\"2000\" class=\"wpcf7-form-control wpcf7-textarea\" aria-invalid=\"false\" placeholder=\"Message\" name=\"messaggio\"><\/textarea><\/span><\/label>\n<\/p>\n<p><label><span class=\"wpcf7-form-control-wrap\" data-name=\"privacy\"><span class=\"wpcf7-form-control wpcf7-acceptance\"><span class=\"wpcf7-list-item\"><input type=\"checkbox\" name=\"privacy\" value=\"1\" aria-invalid=\"false\" \/><\/span><\/span><\/span> J'ai lu et j'accepte <a href=\"\/fr\/privacy-policy\/\" target=\"_blank\">la divulgation<\/a> relative au traitement des donn\u00e9es personnelles conform\u00e9ment au r\u00e8glement UE 2016\/679 art. 13 et 14*. J'autorise \u00e9galement la r\u00e9ception de newsletters informatives ou commerciales*<\/label>\n<\/p>\n<p>*Champs obligatoires\n<\/p>\n<p><input class=\"wpcf7-form-control wpcf7-submit has-spinner\" type=\"submit\" value=\"Devenir un partenaire\" \/>\n<\/p><div class=\"wpcf7-response-output\" aria-hidden=\"true\"><\/div>\n<\/form>\n<\/div>\n[\/vc_column][vc_column width=\u00a0\u00bb1\/6&Prime;][\/vc_column][\/vc_row]<\/p>\n<\/section>","protected":false},"excerpt":{"rendered":"<p>[vc_row bg_type=\u00a0\u00bbimage\u00a0\u00bb parallax_style=\u00a0\u00bbvcpb-default\u00a0\u00bb bg_image_new=\u00a0\u00bbid^57577|url^https:\/\/www.remorides.com\/wp-content\/uploads\/2022\/10\/Rectangle-227-1.jpg|caption^null|alt^null|title^Rectangle 227 (1)|description^null\u00a0\u00bb bg_image_repeat=\u00a0\u00bbno-repeat\u00a0\u00bb bg_override=\u00a0\u00bbfull\u00a0\u00bb margin_top=\u00a0\u00bb-50&Prime; type=\u00a0\u00bbvc_default\u00a0\u00bb css=\u00a0\u00bb.vc_custom_1666881370805{padding-top: 12% !important;padding-bottom: 12% !important;background-color: #000000 !important;}\u00a0\u00bb][vc_column offset=\u00a0\u00bbvc_col-lg-offset-0 vc_col-lg-12 vc_col-md-offset-0 vc_col-md-12 vc_col-sm-offset-0 vc_col-xs-12&Prime; css=\u00a0\u00bb.vc_custom_1476043981108{margin-top: 10px !important;margin-bottom: 10px !important;}\u00a0\u00bb][\/vc_column][\/vc_row][vc_row css=\u00a0\u00bb.vc_custom_1677075739588{padding-top: 70px !important;}\u00a0\u00bb][vc_column width=\u00a0\u00bb1\/2&Prime;][vc_column_text]La recherche constante de nouvelles synergies et collaborations pour accro\u00eetre les opportunit\u00e9s commerciales et r\u00e9aliser des solutions plus cibl\u00e9es et gagnantes fait partie de&hellip;<\/p>\n","protected":false},"author":2,"featured_media":0,"parent":0,"menu_order":11,"comment_status":"closed","ping_status":"closed","template":"","meta":{"_acf_changed":false,"footnotes":""},"class_list":["post-60224","page","type-page","status-publish","hentry","description-off"],"acf":[],"yoast_head":"<!-- This site is optimized with the Yoast SEO plugin v27.4 - https:\/\/yoast.com\/product\/yoast-seo-wordpress\/ -->\n<title>Les partenaires - Remorides<\/title>\n<meta name=\"description\" content=\"La recherche constante de nouvelles synergies et collaborations pour accro\u00eetre les opportunit\u00e9s commerciales fait partie de notre ADN. Devenez partenaire !\" \/>\n<meta name=\"robots\" content=\"index, follow, max-snippet:-1, max-image-preview:large, max-video-preview:-1\" \/>\n<link rel=\"canonical\" href=\"https:\/\/www.remorides.com\/fr\/les-partenaires\/\" \/>\n<meta property=\"og:locale\" content=\"fr_FR\" \/>\n<meta property=\"og:type\" content=\"article\" \/>\n<meta property=\"og:title\" content=\"Les partenaires - Remorides\" \/>\n<meta property=\"og:description\" content=\"La recherche constante de nouvelles synergies et collaborations pour accro\u00eetre les opportunit\u00e9s commerciales fait partie de notre ADN. Devenez partenaire !\" \/>\n<meta property=\"og:url\" content=\"https:\/\/www.remorides.com\/fr\/les-partenaires\/\" \/>\n<meta property=\"og:site_name\" content=\"Remorides\" \/>\n<meta property=\"article:publisher\" content=\"https:\/\/www.facebook.com\/remorides\/\" \/>\n<meta property=\"article:modified_time\" content=\"2023-06-21T15:08:59+00:00\" \/>\n<meta property=\"og:image\" content=\"https:\/\/www.remorides.com\/wp-content\/uploads\/2022\/05\/cropped-logo.png\" \/>\n\t<meta property=\"og:image:width\" content=\"235\" \/>\n\t<meta property=\"og:image:height\" content=\"52\" \/>\n\t<meta property=\"og:image:type\" content=\"image\/png\" \/>\n<meta name=\"twitter:card\" content=\"summary_large_image\" \/>\n<meta name=\"twitter:site\" content=\"@Remorides\" \/>\n<meta name=\"twitter:label1\" content=\"Dur\u00e9e de lecture estim\u00e9e\" \/>\n\t<meta name=\"twitter:data1\" content=\"2 minutes\" \/>\n<script type=\"application\/ld+json\" class=\"yoast-schema-graph\">{\"@context\":\"https:\\\/\\\/schema.org\",\"@graph\":[{\"@type\":\"WebPage\",\"@id\":\"https:\\\/\\\/www.remorides.com\\\/fr\\\/les-partenaires\\\/\",\"url\":\"https:\\\/\\\/www.remorides.com\\\/fr\\\/les-partenaires\\\/\",\"name\":\"Les partenaires - Remorides\",\"isPartOf\":{\"@id\":\"https:\\\/\\\/www.remorides.com\\\/fr\\\/#website\"},\"datePublished\":\"2023-02-22T14:19:23+00:00\",\"dateModified\":\"2023-06-21T15:08:59+00:00\",\"description\":\"La recherche constante de nouvelles synergies et collaborations pour accro\u00eetre les opportunit\u00e9s commerciales fait partie de notre ADN. Devenez partenaire !\",\"breadcrumb\":{\"@id\":\"https:\\\/\\\/www.remorides.com\\\/fr\\\/les-partenaires\\\/#breadcrumb\"},\"inLanguage\":\"fr-FR\",\"potentialAction\":[{\"@type\":\"ReadAction\",\"target\":[\"https:\\\/\\\/www.remorides.com\\\/fr\\\/les-partenaires\\\/\"]}]},{\"@type\":\"BreadcrumbList\",\"@id\":\"https:\\\/\\\/www.remorides.com\\\/fr\\\/les-partenaires\\\/#breadcrumb\",\"itemListElement\":[{\"@type\":\"ListItem\",\"position\":1,\"name\":\"Home\",\"item\":\"https:\\\/\\\/www.remorides.com\\\/fr\\\/\"},{\"@type\":\"ListItem\",\"position\":2,\"name\":\"Les partenaires\"}]},{\"@type\":\"WebSite\",\"@id\":\"https:\\\/\\\/www.remorides.com\\\/fr\\\/#website\",\"url\":\"https:\\\/\\\/www.remorides.com\\\/fr\\\/\",\"name\":\"Remorides Srl\",\"description\":\"\",\"publisher\":{\"@id\":\"https:\\\/\\\/www.remorides.com\\\/fr\\\/#organization\"},\"potentialAction\":[{\"@type\":\"SearchAction\",\"target\":{\"@type\":\"EntryPoint\",\"urlTemplate\":\"https:\\\/\\\/www.remorides.com\\\/fr\\\/?s={search_term_string}\"},\"query-input\":{\"@type\":\"PropertyValueSpecification\",\"valueRequired\":true,\"valueName\":\"search_term_string\"}}],\"inLanguage\":\"fr-FR\"},{\"@type\":\"Organization\",\"@id\":\"https:\\\/\\\/www.remorides.com\\\/fr\\\/#organization\",\"name\":\"Remorides Srl\",\"url\":\"https:\\\/\\\/www.remorides.com\\\/fr\\\/\",\"logo\":{\"@type\":\"ImageObject\",\"inLanguage\":\"fr-FR\",\"@id\":\"https:\\\/\\\/www.remorides.com\\\/fr\\\/#\\\/schema\\\/logo\\\/image\\\/\",\"url\":\"https:\\\/\\\/www.remorides.com\\\/wp-content\\\/uploads\\\/2023\\\/05\\\/remorides_france_t_logo_white.png\",\"contentUrl\":\"https:\\\/\\\/www.remorides.com\\\/wp-content\\\/uploads\\\/2023\\\/05\\\/remorides_france_t_logo_white.png\",\"width\":235,\"height\":77,\"caption\":\"Remorides Srl\"},\"image\":{\"@id\":\"https:\\\/\\\/www.remorides.com\\\/fr\\\/#\\\/schema\\\/logo\\\/image\\\/\"},\"sameAs\":[\"https:\\\/\\\/www.facebook.com\\\/remorides\\\/\",\"https:\\\/\\\/x.com\\\/Remorides\",\"https:\\\/\\\/www.youtube.com\\\/channel\\\/UCx51ru1cqY_gIui4GKCZDpA\",\"https:\\\/\\\/www.linkedin.com\\\/company\\\/remorides\\\/\"]}]}<\/script>\n<!-- \/ Yoast SEO plugin. -->","yoast_head_json":{"title":"Les partenaires - Remorides","description":"La recherche constante de nouvelles synergies et collaborations pour accro\u00eetre les opportunit\u00e9s commerciales fait partie de notre ADN. Devenez partenaire !","robots":{"index":"index","follow":"follow","max-snippet":"max-snippet:-1","max-image-preview":"max-image-preview:large","max-video-preview":"max-video-preview:-1"},"canonical":"https:\/\/www.remorides.com\/fr\/les-partenaires\/","og_locale":"fr_FR","og_type":"article","og_title":"Les partenaires - Remorides","og_description":"La recherche constante de nouvelles synergies et collaborations pour accro\u00eetre les opportunit\u00e9s commerciales fait partie de notre ADN. Devenez partenaire !","og_url":"https:\/\/www.remorides.com\/fr\/les-partenaires\/","og_site_name":"Remorides","article_publisher":"https:\/\/www.facebook.com\/remorides\/","article_modified_time":"2023-06-21T15:08:59+00:00","og_image":[{"width":235,"height":52,"url":"https:\/\/www.remorides.com\/wp-content\/uploads\/2022\/05\/cropped-logo.png","type":"image\/png"}],"twitter_card":"summary_large_image","twitter_site":"@Remorides","twitter_misc":{"Dur\u00e9e de lecture estim\u00e9e":"2 minutes"},"schema":{"@context":"https:\/\/schema.org","@graph":[{"@type":"WebPage","@id":"https:\/\/www.remorides.com\/fr\/les-partenaires\/","url":"https:\/\/www.remorides.com\/fr\/les-partenaires\/","name":"Les partenaires - Remorides","isPartOf":{"@id":"https:\/\/www.remorides.com\/fr\/#website"},"datePublished":"2023-02-22T14:19:23+00:00","dateModified":"2023-06-21T15:08:59+00:00","description":"La recherche constante de nouvelles synergies et collaborations pour accro\u00eetre les opportunit\u00e9s commerciales fait partie de notre ADN. Devenez partenaire !","breadcrumb":{"@id":"https:\/\/www.remorides.com\/fr\/les-partenaires\/#breadcrumb"},"inLanguage":"fr-FR","potentialAction":[{"@type":"ReadAction","target":["https:\/\/www.remorides.com\/fr\/les-partenaires\/"]}]},{"@type":"BreadcrumbList","@id":"https:\/\/www.remorides.com\/fr\/les-partenaires\/#breadcrumb","itemListElement":[{"@type":"ListItem","position":1,"name":"Home","item":"https:\/\/www.remorides.com\/fr\/"},{"@type":"ListItem","position":2,"name":"Les partenaires"}]},{"@type":"WebSite","@id":"https:\/\/www.remorides.com\/fr\/#website","url":"https:\/\/www.remorides.com\/fr\/","name":"Remorides Srl","description":"","publisher":{"@id":"https:\/\/www.remorides.com\/fr\/#organization"},"potentialAction":[{"@type":"SearchAction","target":{"@type":"EntryPoint","urlTemplate":"https:\/\/www.remorides.com\/fr\/?s={search_term_string}"},"query-input":{"@type":"PropertyValueSpecification","valueRequired":true,"valueName":"search_term_string"}}],"inLanguage":"fr-FR"},{"@type":"Organization","@id":"https:\/\/www.remorides.com\/fr\/#organization","name":"Remorides Srl","url":"https:\/\/www.remorides.com\/fr\/","logo":{"@type":"ImageObject","inLanguage":"fr-FR","@id":"https:\/\/www.remorides.com\/fr\/#\/schema\/logo\/image\/","url":"https:\/\/www.remorides.com\/wp-content\/uploads\/2023\/05\/remorides_france_t_logo_white.png","contentUrl":"https:\/\/www.remorides.com\/wp-content\/uploads\/2023\/05\/remorides_france_t_logo_white.png","width":235,"height":77,"caption":"Remorides Srl"},"image":{"@id":"https:\/\/www.remorides.com\/fr\/#\/schema\/logo\/image\/"},"sameAs":["https:\/\/www.facebook.com\/remorides\/","https:\/\/x.com\/Remorides","https:\/\/www.youtube.com\/channel\/UCx51ru1cqY_gIui4GKCZDpA","https:\/\/www.linkedin.com\/company\/remorides\/"]}]}},"_links":{"self":[{"href":"https:\/\/www.remorides.com\/fr\/wp-json\/wp\/v2\/pages\/60224","targetHints":{"allow":["GET"]}}],"collection":[{"href":"https:\/\/www.remorides.com\/fr\/wp-json\/wp\/v2\/pages"}],"about":[{"href":"https:\/\/www.remorides.com\/fr\/wp-json\/wp\/v2\/types\/page"}],"author":[{"embeddable":true,"href":"https:\/\/www.remorides.com\/fr\/wp-json\/wp\/v2\/users\/2"}],"replies":[{"embeddable":true,"href":"https:\/\/www.remorides.com\/fr\/wp-json\/wp\/v2\/comments?post=60224"}],"version-history":[{"count":0,"href":"https:\/\/www.remorides.com\/fr\/wp-json\/wp\/v2\/pages\/60224\/revisions"}],"wp:attachment":[{"href":"https:\/\/www.remorides.com\/fr\/wp-json\/wp\/v2\/media?parent=60224"}],"curies":[{"name":"wp","href":"https:\/\/api.w.org\/{rel}","templated":true}]}}